{"id":9,"date":"2025-12-18T19:35:02","date_gmt":"2025-12-18T19:35:02","guid":{"rendered":"https:\/\/www.arioncoaching.fr\/?page_id=9"},"modified":"2026-04-08T09:20:57","modified_gmt":"2026-04-08T09:20:57","slug":"acceuil","status":"publish","type":"page","link":"https:\/\/www.arioncoaching.fr\/","title":{"rendered":"Cours d&rsquo;\u00e9quitation, equi-coaching et animations poney \u00e0 Trets"},"content":{"rendered":"\n<figure class=\"wp-block-image is-resized\"><img loading=\"lazy\" decoding=\"async\" width=\"612\" height=\"408\" src=\"https:\/\/www.arioncoaching.fr\/wp-content\/uploads\/2025\/12\/arion-coaching-equitation-equicoaching.jpg\" alt=\"\" class=\"wp-image-15\" style=\"aspect-ratio:1.5000765990042129;width:665px;height:auto\" srcset=\"https:\/\/www.arioncoaching.fr\/wp-content\/uploads\/2025\/12\/arion-coaching-equitation-equicoaching.jpg 612w, https:\/\/www.arioncoaching.fr\/wp-content\/uploads\/2025\/12\/arion-coaching-equitation-equicoaching-600x400.jpg 600w, https:\/\/www.arioncoaching.fr\/wp-content\/uploads\/2025\/12\/arion-coaching-equitation-equicoaching-300x200.jpg 300w\" sizes=\"auto, (max-width: 612px) 100vw, 612px\" \/><\/figure>\n\n\n\n<p><mark style=\"background-color:rgba(0, 0, 0, 0);color:#000000\" class=\"has-inline-color\">L&rsquo;\u00e9quitation au service du bien-\u00eatre, de l&rsquo;apprentissage et du lien.<\/mark><\/p>\n\n\n\n<p><mark style=\"background-color:rgba(0, 0, 0, 0);color:#000000\" class=\"has-inline-color\">Bienvenue chez Arion coaching, je vous propose des cours d&rsquo;\u00e9quitation, des s\u00e9ances d&rsquo;equi-coaching et des animations poney \u00e0 Trets et ses alentours.<\/mark><\/p>\n\n\n\n<p><mark style=\"background-color:rgba(0, 0, 0, 0);color:#000000\" class=\"has-inline-color\">J&rsquo;accompagne enfants, adultes et professionnels \u00e0 travers une approche bienveillante, centr\u00e9e sur la relation au cheval et le d\u00e9veloppement de chacun.<\/mark><\/p>\n\n\n\n<h2 class=\"wp-block-heading\"><mark style=\"background-color:rgba(0, 0, 0, 0)\" class=\"has-inline-color has-palette-color-1-color\">Cours d&rsquo;\u00e9quitation<\/mark> <mark style=\"background-color:rgba(0, 0, 0, 0)\" class=\"has-inline-color has-palette-color-6-color\">\u00e0 trets<\/mark><\/h2>\n\n\n\n<figure class=\"wp-block-image aligncenter size-full\"><img loading=\"lazy\" decoding=\"async\" width=\"720\" height=\"720\" src=\"https:\/\/www.arioncoaching.fr\/wp-content\/uploads\/2026\/01\/cour-equitation-arion-coaching-bouche-du-rhone-paca-monitrice-independante-marion-perrot-cheval.jpg\" alt=\"\" class=\"wp-image-85\" srcset=\"https:\/\/www.arioncoaching.fr\/wp-content\/uploads\/2026\/01\/cour-equitation-arion-coaching-bouche-du-rhone-paca-monitrice-independante-marion-perrot-cheval.jpg 720w, https:\/\/www.arioncoaching.fr\/wp-content\/uploads\/2026\/01\/cour-equitation-arion-coaching-bouche-du-rhone-paca-monitrice-independante-marion-perrot-cheval-300x300.jpg 300w, https:\/\/www.arioncoaching.fr\/wp-content\/uploads\/2026\/01\/cour-equitation-arion-coaching-bouche-du-rhone-paca-monitrice-independante-marion-perrot-cheval-100x100.jpg 100w, https:\/\/www.arioncoaching.fr\/wp-content\/uploads\/2026\/01\/cour-equitation-arion-coaching-bouche-du-rhone-paca-monitrice-independante-marion-perrot-cheval-600x600.jpg 600w, https:\/\/www.arioncoaching.fr\/wp-content\/uploads\/2026\/01\/cour-equitation-arion-coaching-bouche-du-rhone-paca-monitrice-independante-marion-perrot-cheval-500x500.jpg 500w, https:\/\/www.arioncoaching.fr\/wp-content\/uploads\/2026\/01\/cour-equitation-arion-coaching-bouche-du-rhone-paca-monitrice-independante-marion-perrot-cheval-150x150.jpg 150w\" sizes=\"auto, (max-width: 720px) 100vw, 720px\" \/><\/figure>\n\n\n\n<p><mark style=\"background-color:rgba(0, 0, 0, 0);color:#000000\" class=\"has-inline-color\">Je propose des cours d&rsquo;\u00e9quitation adapt\u00e9s \u00e0 tous les niveaux et tous les \u00e2ges, dans une approche respectueuse du cheval et du cavalier.<\/mark><\/p>\n\n\n\n<p><mark style=\"background-color:rgba(0, 0, 0, 0);color:#000000\" class=\"has-inline-color\">Mes objectifs  sont de d\u00e9velopper votre confiance, vous faire progresser \u00e0 votre rythme, prendre soin du lien Cheval \/ Humain.<\/mark><\/p>\n\n\n\n<h2 class=\"wp-block-heading\"><mark style=\"background-color:rgba(0, 0, 0, 0)\" class=\"has-inline-color has-palette-color-3-color\">Equi-coaching avec le cheval<\/mark> <mark style=\"background-color:rgba(0, 0, 0, 0)\" class=\"has-inline-color has-palette-color-6-color\">\u00e0 Trets<\/mark><\/h2>\n\n\n\n<p><mark style=\"background-color:rgba(0, 0, 0, 0);color:#000000\" class=\"has-inline-color\">L&rsquo;\u00e9qui-coaching est une technique de management cr\u00e9e aux Etats-Unis qui s&rsquo;est diversifi\u00e9 pour entrer dans le monde du d\u00e9veloppement personnel. C&rsquo;est un accompagnement puissant pour mieux se connaitre et \u00e9voluer. Respiration, \u00e9nergie et connexion sont mes outils pour vous accompagner dans ce moment de r\u00e9v\u00e9lation \u00e0 soi. <a href=\"https:\/\/www.arioncoaching.fr\/index.php\/equi-coaching\/\">Cliquez<\/a> pour en savoir plus<\/mark><\/p>\n\n\n\n<h2 class=\"wp-block-heading\"><mark style=\"background-color:rgba(0, 0, 0, 0)\" class=\"has-inline-color has-palette-color-2-color\">Des animations poneys pr\u00eates \u00e0 l&#8217;emploi pour les professionnels<\/mark><\/h2>\n\n\n\n<p><mark style=\"background-color:rgba(0, 0, 0, 0);color:#000000\" class=\"has-inline-color\">Je propose des animations \u00e9questres pour les enfants de 3 \u00e0 9 ans pr\u00eates \u00e0 l&#8217;emploi.<\/mark> <mark style=\"background-color:rgba(0, 0, 0, 0);color:#000000\" class=\"has-inline-color\">Ces animations sont cr\u00e9er pour r\u00e9pondre \u00e0 des objectifs p\u00e9dagogiques \u00e0 cheval et du d\u00e9veloppement moteur et psychique adapt\u00e9s selon l&rsquo;\u00e2ge des enfants.<\/mark><\/p>\n\n\n\n<p><mark style=\"background-color:rgba(0, 0, 0, 0);color:#000000\" class=\"has-inline-color\">Ces pack d&rsquo;animations poneys cl\u00e9 en main s&rsquo;adressent aux professionnels : centre \u00e9questre, enseignants, moniteurs en formation.<\/mark><\/p>\n\n\n\n<p><mark style=\"background-color:rgba(0, 0, 0, 0);color:#000000\" class=\"has-inline-color\"> Pour les curieux, c&rsquo;est <a href=\"https:\/\/www.arioncoaching.fr\/index.php\/animations-equestres\/\">ici<\/a> et pour les convaincus c&rsquo;est directement sur la <a href=\"https:\/\/www.arioncoaching.fr\/index.php\/boutique\/\">boutique<\/a> <\/mark><\/p>\n\n\n\n<div class=\"wp-block-buttons is-layout-flex wp-block-buttons-is-layout-flex\">\n<div class=\"wp-block-button\"><a class=\"wp-block-button__link wp-element-button\" href=\"https:\/\/www.arioncoaching.fr\/index.php\/qui-suis-je\/\">en savoir plus sur mon parcours<\/a><\/div>\n<\/div>\n","protected":false},"excerpt":{"rendered":"<p>L&rsquo;\u00e9quitation au service du bien-\u00eatre, de l&rsquo;apprentissage et du lien. Bienvenue chez Arion coaching, je vous propose des cours d&rsquo;\u00e9quitation, des s\u00e9ances d&rsquo;equi-coaching et des animations poney \u00e0 Trets et ses alentours. J&rsquo;accompagne enfants, adultes et professionnels \u00e0 travers une approche bienveillante, centr\u00e9e sur la relation au cheval et le d\u00e9veloppement de chacun. Cours d&rsquo;\u00e9quitation [&hellip;]<\/p>\n","protected":false},"author":1,"featured_media":273,"parent":0,"menu_order":0,"comment_status":"closed","ping_status":"closed","template":"","meta":{"footnotes":""},"class_list":["post-9","page","type-page","status-publish","has-post-thumbnail","hentry"],"blocksy_meta":[],"jetpack_sharing_enabled":true,"_links":{"self":[{"href":"https:\/\/www.arioncoaching.fr\/index.php\/wp-json\/wp\/v2\/pages\/9","targetHints":{"allow":["GET"]}}],"collection":[{"href":"https:\/\/www.arioncoaching.fr\/index.php\/wp-json\/wp\/v2\/pages"}],"about":[{"href":"https:\/\/www.arioncoaching.fr\/index.php\/wp-json\/wp\/v2\/types\/page"}],"author":[{"embeddable":true,"href":"https:\/\/www.arioncoaching.fr\/index.php\/wp-json\/wp\/v2\/users\/1"}],"replies":[{"embeddable":true,"href":"https:\/\/www.arioncoaching.fr\/index.php\/wp-json\/wp\/v2\/comments?post=9"}],"version-history":[{"count":21,"href":"https:\/\/www.arioncoaching.fr\/index.php\/wp-json\/wp\/v2\/pages\/9\/revisions"}],"predecessor-version":[{"id":309,"href":"https:\/\/www.arioncoaching.fr\/index.php\/wp-json\/wp\/v2\/pages\/9\/revisions\/309"}],"wp:featuredmedia":[{"embeddable":true,"href":"https:\/\/www.arioncoaching.fr\/index.php\/wp-json\/wp\/v2\/media\/273"}],"wp:attachment":[{"href":"https:\/\/www.arioncoaching.fr\/index.php\/wp-json\/wp\/v2\/media?parent=9"}],"curies":[{"name":"wp","href":"https:\/\/api.w.org\/{rel}","templated":true}]}}