{"id":23,"date":"2025-12-18T20:20:14","date_gmt":"2025-12-18T20:20:14","guid":{"rendered":"https:\/\/www.arioncoaching.fr\/?page_id=23"},"modified":"2026-04-08T09:49:41","modified_gmt":"2026-04-08T09:49:41","slug":"equi-coaching","status":"publish","type":"page","link":"https:\/\/www.arioncoaching.fr\/index.php\/equi-coaching\/","title":{"rendered":"Equi-coaching \u00e0 Trets &#8211; coaching avec le cheval"},"content":{"rendered":"\n<figure class=\"wp-block-image is-resized\"><img loading=\"lazy\" decoding=\"async\" width=\"380\" height=\"253\" src=\"https:\/\/www.arioncoaching.fr\/wp-content\/uploads\/2026\/01\/equi-coaching-therapie-cheval-bien-etre-aix-en-provence-trets-saint-maximin-la-sainte-baume.jpg\" alt=\"\" class=\"wp-image-170\" style=\"aspect-ratio:1.502069050707183;width:665px;height:auto\" srcset=\"https:\/\/www.arioncoaching.fr\/wp-content\/uploads\/2026\/01\/equi-coaching-therapie-cheval-bien-etre-aix-en-provence-trets-saint-maximin-la-sainte-baume.jpg 380w, https:\/\/www.arioncoaching.fr\/wp-content\/uploads\/2026\/01\/equi-coaching-therapie-cheval-bien-etre-aix-en-provence-trets-saint-maximin-la-sainte-baume-300x200.jpg 300w\" sizes=\"auto, (max-width: 380px) 100vw, 380px\" \/><\/figure>\n\n\n\n<p><mark style=\"background-color:rgba(0, 0, 0, 0);color:#000000\" class=\"has-inline-color\">Je propose des s\u00e9ances d&rsquo;\u00e9quicoaching \u00e0 Trets et dans les environs ( Aix en Provence, Aubagne, Saint Maximin la Sainte Baume) pour vous accompagner dans votre d\u00e9veloppement personnel gr\u00e2ce au cheval.<\/mark><\/p>\n\n\n\n<p><mark style=\"background-color:rgba(0, 0, 0, 0);color:#000000\" class=\"has-inline-color\">Le cheval agit comme un miroir de vos \u00e9motions et de votre fonctionnement. Il vous permet de mieux vous comprendre sans jugement.<\/mark><\/p>\n\n\n\n<h2 class=\"wp-block-heading\"><mark style=\"background-color:rgba(0, 0, 0, 0)\" class=\"has-inline-color has-palette-color-3-color\">Qu&rsquo;est ce que l&rsquo;\u00e9qui-coaching ?<\/mark> <mark style=\"background-color:rgba(0, 0, 0, 0);color:#ffffff\" class=\"has-inline-color\">\u00e0 Trets<\/mark><\/h2>\n\n\n\n<p><mark style=\"background-color:rgba(0, 0, 0, 0);color:#000000\" class=\"has-inline-color\">L&rsquo;\u00e9qui-coaching est une m\u00e9thode de coaching accompagn\u00e9e par le cheval.<\/mark><\/p>\n\n\n\n<p><mark style=\"background-color:rgba(0, 0, 0, 0);color:#000000\" class=\"has-inline-color\">Il ne s&rsquo;agit pas de monter \u00e0 cheval mais de vivres des exp\u00e9riences \u00e0 pieds en interaction avec lui. Ces situations permettent de prendre conscience de nos fonctionnements, d&rsquo;ajuster sa communication et retrouver confiance en soi.<\/mark><\/p>\n\n\n\n<p><mark style=\"background-color:rgba(0, 0, 0, 0);color:#000000\" class=\"has-inline-color\">Aucune exp\u00e9rience avec les chevaux n&rsquo;est requise.<\/mark><\/p>\n\n\n\n<p><mark style=\"background-color:rgba(0, 0, 0, 0);color:#000000\" class=\"has-inline-color\">La f\u00e9d\u00e9ration Fran\u00e7aise d&rsquo;\u00e9quitation en parle juste <a href=\"https:\/\/www.ffe.com\/actualites\/l-equicoaching-le-cheval-partenaire-de-developpement-personnel-au-service-du-collectif-une-offre\" target=\"_blank\" rel=\"noopener\">ici<\/a><\/mark><\/p>\n\n\n\n<h2 class=\"wp-block-heading\"><mark style=\"background-color:rgba(0, 0, 0, 0)\" class=\"has-inline-color has-palette-color-3-color\">Les bienfaits de l&rsquo;\u00e9qui-coaching<\/mark> <mark style=\"background-color:rgba(0, 0, 0, 0);color:#ffffff\" class=\"has-inline-color\">\u00e0 Trets<\/mark><\/h2>\n\n\n\n<p><mark style=\"background-color:rgba(0, 0, 0, 0);color:#000000\" class=\"has-inline-color\">Les s\u00e9ances d&rsquo;\u00e9qui-coaching permettent de :<\/mark><\/p>\n\n\n\n<ul class=\"wp-block-list\">\n<li><mark style=\"background-color:rgba(0, 0, 0, 0);color:#000000\" class=\"has-inline-color\">gagner en confiance en soi<\/mark><\/li>\n\n\n\n<li><mark style=\"background-color:rgba(0, 0, 0, 0);color:#000000\" class=\"has-inline-color\">mieux g\u00e9rer ses \u00e9motions<\/mark><\/li>\n\n\n\n<li><mark style=\"background-color:rgba(0, 0, 0, 0);color:#000000\" class=\"has-inline-color\">d\u00e9passer certains blocages<\/mark><\/li>\n\n\n\n<li><mark style=\"background-color:rgba(0, 0, 0, 0);color:#000000\" class=\"has-inline-color\">am\u00e9liorer ses relations<\/mark><\/li>\n\n\n\n<li><mark style=\"background-color:rgba(0, 0, 0, 0);color:#000000\" class=\"has-inline-color\">se reconnecter \u00e0 soi<\/mark><\/li>\n<\/ul>\n\n\n\n<p><mark style=\"background-color:rgba(0, 0, 0, 0);color:#000000\" class=\"has-inline-color\">Le cheval r\u00e9agit imm\u00e9diatement \u00e0 votre posture et \u00e0 votre \u00e9nergie, ce qui rend chaque s\u00e9ance tr\u00e8s puissante.<\/mark><\/p>\n\n\n\n<h2 class=\"wp-block-heading\"><mark style=\"background-color:rgba(0, 0, 0, 0)\" class=\"has-inline-color has-palette-color-3-color\">Pour qui est l&rsquo;\u00e9qui-coaching ?<\/mark><\/h2>\n\n\n\n<p><mark style=\"background-color:rgba(0, 0, 0, 0);color:#000000\" class=\"has-inline-color\">L&rsquo;\u00e9qui-coaching s&rsquo;adresse :<\/mark><\/p>\n\n\n\n<ul class=\"wp-block-list\">\n<li><mark style=\"background-color:rgba(0, 0, 0, 0);color:#000000\" class=\"has-inline-color\">aux adultes<\/mark><\/li>\n\n\n\n<li><mark style=\"background-color:rgba(0, 0, 0, 0);color:#000000\" class=\"has-inline-color\">adolescents<\/mark><\/li>\n\n\n\n<li><mark style=\"background-color:rgba(0, 0, 0, 0);color:#000000\" class=\"has-inline-color\">personne en transition de vie, en recherche de mieux \u00eatre<\/mark><\/li>\n<\/ul>\n\n\n\n<p><mark style=\"background-color:rgba(0, 0, 0, 0);color:#000000\" class=\"has-inline-color\">Chaque s\u00e9ance est unique car personnalis\u00e9e selon vos besoins.<\/mark><\/p>\n\n\n\n<h2 class=\"wp-block-heading\"><mark style=\"background-color:rgba(0, 0, 0, 0)\" class=\"has-inline-color has-palette-color-3-color\">Le d\u00e9roulement d&rsquo;une s\u00e9ance d&rsquo;\u00e9qui-coaching<\/mark> <mark style=\"background-color:rgba(0, 0, 0, 0)\" class=\"has-inline-color has-palette-color-3-color\">avec moi<\/mark><\/h2>\n\n\n\n<p><mark style=\"background-color:rgba(0, 0, 0, 0);color:#000000\" class=\"has-inline-color\">Une s\u00e9ance se d\u00e9compose en 4 temps : tout d&rsquo;abord le temps d&rsquo;\u00e9change pour d\u00e9finir votre objectif  ensuite la mise en situation avec le cheval suivit d&rsquo;un temps d&rsquo;int\u00e9gration et pour terminer le d\u00e9briefing.<\/mark><\/p>\n\n\n\n<p><mark style=\"background-color:rgba(0, 0, 0, 0);color:#000000\" class=\"has-inline-color\">Je vous accompagne tout au long de ce processus de 2h maximum dans un cadre bienveillant et s\u00e9curisant.<\/mark><\/p>\n\n\n\n<h2 class=\"wp-block-heading\"><mark style=\"background-color:rgba(0, 0, 0, 0)\" class=\"has-inline-color has-palette-color-3-color\">Une approche globale<\/mark><\/h2>\n\n\n\n<p><mark style=\"background-color:rgba(0, 0, 0, 0);color:#000000\" class=\"has-inline-color\">Mon approche de l&rsquo;\u00e9qui-coaching est nourrie par <\/mark><\/p>\n\n\n\n<ul class=\"wp-block-list\">\n<li><mark style=\"background-color:rgba(0, 0, 0, 0);color:#000000\" class=\"has-inline-color\">mon exp\u00e9rience avec les chevaux<\/mark> <\/li>\n\n\n\n<li><mark style=\"background-color:rgba(0, 0, 0, 0);color:#000000\" class=\"has-inline-color\">ma formation de th\u00e9rapeute en relation d&rsquo;aide<\/mark><\/li>\n\n\n\n<li><mark style=\"background-color:rgba(0, 0, 0, 0);color:#000000\" class=\"has-inline-color\">mes formations en magn\u00e9tisme et Quantum Touch<\/mark><\/li>\n\n\n\n<li><mark style=\"background-color:rgba(0, 0, 0, 0);color:#000000\" class=\"has-inline-color\">ma formation d&rsquo;\u00e9qui-coaching avec <a href=\"https:\/\/www.catherinesenn.com\/\" target=\"_blank\" rel=\"noopener\">Catherine SENN<\/a><\/mark><\/li>\n<\/ul>\n\n\n\n<p><mark style=\"background-color:rgba(0, 0, 0, 0);color:#000000\" class=\"has-inline-color\">Je propose un accompagnement qui prend en compte le corps, les \u00e9motions et l&rsquo;\u00e9nergie.<\/mark><\/p>\n\n\n\n<h2 class=\"wp-block-heading\"><mark style=\"background-color:rgba(0, 0, 0, 0)\" class=\"has-inline-color has-palette-color-3-color\">Equi-coaching autour de Trets<\/mark><\/h2>\n\n\n\n<p><mark style=\"background-color:rgba(0, 0, 0, 0);color:#000000\" class=\"has-inline-color\">Je propose des s\u00e9ances \u00e0 Trets au <a href=\"https:\/\/poneyclubdunator.ffe.com\/\" target=\"_blank\" rel=\"noopener\">Poney club du Nator<\/a> mais je peux \u00e9galement me d\u00e9placer et faire la s\u00e9ance d&rsquo;\u00e9qui-coaching avec vous et votre cheval.<\/mark><\/p>\n\n\n\n<p><mark style=\"background-color:rgba(0, 0, 0, 0);color:#000000\" class=\"has-inline-color\">Je me d\u00e9place principalement autour de Trets, Aix-en-Provence, Aubagne et Saint Maximin-la-Sainte-Baume.<\/mark><\/p>\n\n\n\n<p class=\"has-text-align-center\"><strong>Envie de vivre une exp\u00e9rience unique avec le cheval pour avancer dans votre vie ?<\/strong><\/p>\n\n\n\n<div class=\"wp-block-buttons is-content-justification-center is-layout-flex wp-container-core-buttons-is-layout-a89b3969 wp-block-buttons-is-layout-flex\">\n<div class=\"wp-block-button\"><a class=\"wp-block-button__link wp-element-button\" href=\"https:\/\/www.arioncoaching.fr\/index.php\/me-contacter\/\">d\u00e9couvrir l&rsquo;\u00e9qui-coaching<\/a><\/div>\n<\/div>\n\n\n\n<figure class=\"wp-block-embed is-type-video is-provider-youtube wp-block-embed-youtube wp-embed-aspect-16-9 wp-has-aspect-ratio\"><div class=\"wp-block-embed__wrapper\">\n<iframe loading=\"lazy\" title=\"CONGIARIUM Marion Perrot sur l&#039;\u00e9qui-coaching\" width=\"1290\" height=\"726\" src=\"https:\/\/www.youtube.com\/embed\/G48Q7Pb3HgI?start=12&#038;feature=oembed\" frameborder=\"0\" allow=\"accelerometer; autoplay; clipboard-write; encrypted-media; gyroscope; picture-in-picture; web-share\" referrerpolicy=\"strict-origin-when-cross-origin\" allowfullscreen><\/iframe>\n<\/div><\/figure>\n\n\n\n<div class=\"wp-block-columns is-layout-flex wp-container-core-columns-is-layout-28f84493 wp-block-columns-is-layout-flex\">\n<div class=\"wp-block-column is-layout-flow wp-block-column-is-layout-flow\">\n<figure class=\"wp-block-image size-large\"><img loading=\"lazy\" decoding=\"async\" width=\"1024\" height=\"768\" src=\"https:\/\/www.arioncoaching.fr\/wp-content\/uploads\/2026\/01\/equi-coaching-a-2-gestion-emotion-aix-en-provence-trets-saint-maximin-la-sainte-baume-1024x768.jpg\" alt=\"\" class=\"wp-image-177\" srcset=\"https:\/\/www.arioncoaching.fr\/wp-content\/uploads\/2026\/01\/equi-coaching-a-2-gestion-emotion-aix-en-provence-trets-saint-maximin-la-sainte-baume-1024x768.jpg 1024w, https:\/\/www.arioncoaching.fr\/wp-content\/uploads\/2026\/01\/equi-coaching-a-2-gestion-emotion-aix-en-provence-trets-saint-maximin-la-sainte-baume-600x450.jpg 600w, https:\/\/www.arioncoaching.fr\/wp-content\/uploads\/2026\/01\/equi-coaching-a-2-gestion-emotion-aix-en-provence-trets-saint-maximin-la-sainte-baume-300x225.jpg 300w, https:\/\/www.arioncoaching.fr\/wp-content\/uploads\/2026\/01\/equi-coaching-a-2-gestion-emotion-aix-en-provence-trets-saint-maximin-la-sainte-baume-768x576.jpg 768w, https:\/\/www.arioncoaching.fr\/wp-content\/uploads\/2026\/01\/equi-coaching-a-2-gestion-emotion-aix-en-provence-trets-saint-maximin-la-sainte-baume.jpg 1440w\" sizes=\"auto, (max-width: 1024px) 100vw, 1024px\" \/><\/figure>\n\n\n\n<figure class=\"wp-block-image size-full\"><img loading=\"lazy\" decoding=\"async\" width=\"960\" height=\"830\" src=\"https:\/\/www.arioncoaching.fr\/wp-content\/uploads\/2026\/01\/relation-amelioration-equi-coaching-aix-en-provence-marseille-trets-saint-maximin-la-sainte-baume-1.jpg\" alt=\"\" class=\"wp-image-180\" srcset=\"https:\/\/www.arioncoaching.fr\/wp-content\/uploads\/2026\/01\/relation-amelioration-equi-coaching-aix-en-provence-marseille-trets-saint-maximin-la-sainte-baume-1.jpg 960w, https:\/\/www.arioncoaching.fr\/wp-content\/uploads\/2026\/01\/relation-amelioration-equi-coaching-aix-en-provence-marseille-trets-saint-maximin-la-sainte-baume-1-600x519.jpg 600w, https:\/\/www.arioncoaching.fr\/wp-content\/uploads\/2026\/01\/relation-amelioration-equi-coaching-aix-en-provence-marseille-trets-saint-maximin-la-sainte-baume-1-300x259.jpg 300w, https:\/\/www.arioncoaching.fr\/wp-content\/uploads\/2026\/01\/relation-amelioration-equi-coaching-aix-en-provence-marseille-trets-saint-maximin-la-sainte-baume-1-768x664.jpg 768w\" sizes=\"auto, (max-width: 960px) 100vw, 960px\" \/><\/figure>\n\n\n\n<figure class=\"wp-block-image size-large\"><img loading=\"lazy\" decoding=\"async\" width=\"1024\" height=\"1024\" src=\"https:\/\/www.arioncoaching.fr\/wp-content\/uploads\/2026\/01\/ado-adulte-enfant-therapie-cheval-poney-equitation-equi-coaching-1024x1024.jpg\" alt=\"\" class=\"wp-image-183\" srcset=\"https:\/\/www.arioncoaching.fr\/wp-content\/uploads\/2026\/01\/ado-adulte-enfant-therapie-cheval-poney-equitation-equi-coaching-1024x1024.jpg 1024w, https:\/\/www.arioncoaching.fr\/wp-content\/uploads\/2026\/01\/ado-adulte-enfant-therapie-cheval-poney-equitation-equi-coaching-300x300.jpg 300w, https:\/\/www.arioncoaching.fr\/wp-content\/uploads\/2026\/01\/ado-adulte-enfant-therapie-cheval-poney-equitation-equi-coaching-100x100.jpg 100w, https:\/\/www.arioncoaching.fr\/wp-content\/uploads\/2026\/01\/ado-adulte-enfant-therapie-cheval-poney-equitation-equi-coaching-600x600.jpg 600w, https:\/\/www.arioncoaching.fr\/wp-content\/uploads\/2026\/01\/ado-adulte-enfant-therapie-cheval-poney-equitation-equi-coaching-500x500.jpg 500w, https:\/\/www.arioncoaching.fr\/wp-content\/uploads\/2026\/01\/ado-adulte-enfant-therapie-cheval-poney-equitation-equi-coaching-150x150.jpg 150w, https:\/\/www.arioncoaching.fr\/wp-content\/uploads\/2026\/01\/ado-adulte-enfant-therapie-cheval-poney-equitation-equi-coaching-768x768.jpg 768w, https:\/\/www.arioncoaching.fr\/wp-content\/uploads\/2026\/01\/ado-adulte-enfant-therapie-cheval-poney-equitation-equi-coaching.jpg 1440w\" sizes=\"auto, (max-width: 1024px) 100vw, 1024px\" \/><\/figure>\n<\/div>\n\n\n\n<div class=\"wp-block-column is-layout-flow wp-block-column-is-layout-flow\">\n<figure class=\"wp-block-image size-full\"><img loading=\"lazy\" decoding=\"async\" width=\"384\" height=\"512\" src=\"https:\/\/www.arioncoaching.fr\/wp-content\/uploads\/2026\/01\/gestion-stress-cheval-equitation-aix-en-provence-trets-saint-maximin-la-sainte-baume.jpg\" alt=\"\" class=\"wp-image-178\" srcset=\"https:\/\/www.arioncoaching.fr\/wp-content\/uploads\/2026\/01\/gestion-stress-cheval-equitation-aix-en-provence-trets-saint-maximin-la-sainte-baume.jpg 384w, https:\/\/www.arioncoaching.fr\/wp-content\/uploads\/2026\/01\/gestion-stress-cheval-equitation-aix-en-provence-trets-saint-maximin-la-sainte-baume-225x300.jpg 225w\" sizes=\"auto, (max-width: 384px) 100vw, 384px\" \/><\/figure>\n\n\n\n<figure class=\"wp-block-image size-full\"><img loading=\"lazy\" decoding=\"async\" width=\"960\" height=\"720\" src=\"https:\/\/www.arioncoaching.fr\/wp-content\/uploads\/2026\/01\/therapie-bien-etre-aix-en-provence-cheval-trets-marseille-saint-maximin-la-sainte-baume-2.jpg\" alt=\"\" class=\"wp-image-181\" srcset=\"https:\/\/www.arioncoaching.fr\/wp-content\/uploads\/2026\/01\/therapie-bien-etre-aix-en-provence-cheval-trets-marseille-saint-maximin-la-sainte-baume-2.jpg 960w, https:\/\/www.arioncoaching.fr\/wp-content\/uploads\/2026\/01\/therapie-bien-etre-aix-en-provence-cheval-trets-marseille-saint-maximin-la-sainte-baume-2-600x450.jpg 600w, https:\/\/www.arioncoaching.fr\/wp-content\/uploads\/2026\/01\/therapie-bien-etre-aix-en-provence-cheval-trets-marseille-saint-maximin-la-sainte-baume-2-300x225.jpg 300w, https:\/\/www.arioncoaching.fr\/wp-content\/uploads\/2026\/01\/therapie-bien-etre-aix-en-provence-cheval-trets-marseille-saint-maximin-la-sainte-baume-2-768x576.jpg 768w\" sizes=\"auto, (max-width: 960px) 100vw, 960px\" \/><\/figure>\n\n\n\n<figure class=\"wp-block-image size-full\"><img loading=\"lazy\" decoding=\"async\" width=\"720\" height=\"960\" src=\"https:\/\/www.arioncoaching.fr\/wp-content\/uploads\/2026\/01\/bien-etre-therapie-stress-equi-coaching-aix-en-provence-trets-saint-maximin-la-sainte-baume.jpg\" alt=\"\" class=\"wp-image-184\" srcset=\"https:\/\/www.arioncoaching.fr\/wp-content\/uploads\/2026\/01\/bien-etre-therapie-stress-equi-coaching-aix-en-provence-trets-saint-maximin-la-sainte-baume.jpg 720w, https:\/\/www.arioncoaching.fr\/wp-content\/uploads\/2026\/01\/bien-etre-therapie-stress-equi-coaching-aix-en-provence-trets-saint-maximin-la-sainte-baume-600x800.jpg 600w, https:\/\/www.arioncoaching.fr\/wp-content\/uploads\/2026\/01\/bien-etre-therapie-stress-equi-coaching-aix-en-provence-trets-saint-maximin-la-sainte-baume-225x300.jpg 225w\" sizes=\"auto, (max-width: 720px) 100vw, 720px\" \/><\/figure>\n<\/div>\n\n\n\n<div class=\"wp-block-column is-layout-flow wp-block-column-is-layout-flow\">\n<figure class=\"wp-block-image size-full\"><img loading=\"lazy\" decoding=\"async\" width=\"960\" height=\"720\" src=\"https:\/\/www.arioncoaching.fr\/wp-content\/uploads\/2026\/01\/relation-amelioration-equi-coaching-aix-en-provence-marseille-trets-saint-maximin-la-sainte-baume-2.jpg\" alt=\"\" class=\"wp-image-179\" srcset=\"https:\/\/www.arioncoaching.fr\/wp-content\/uploads\/2026\/01\/relation-amelioration-equi-coaching-aix-en-provence-marseille-trets-saint-maximin-la-sainte-baume-2.jpg 960w, https:\/\/www.arioncoaching.fr\/wp-content\/uploads\/2026\/01\/relation-amelioration-equi-coaching-aix-en-provence-marseille-trets-saint-maximin-la-sainte-baume-2-600x450.jpg 600w, https:\/\/www.arioncoaching.fr\/wp-content\/uploads\/2026\/01\/relation-amelioration-equi-coaching-aix-en-provence-marseille-trets-saint-maximin-la-sainte-baume-2-300x225.jpg 300w, https:\/\/www.arioncoaching.fr\/wp-content\/uploads\/2026\/01\/relation-amelioration-equi-coaching-aix-en-provence-marseille-trets-saint-maximin-la-sainte-baume-2-768x576.jpg 768w\" sizes=\"auto, (max-width: 960px) 100vw, 960px\" \/><\/figure>\n\n\n\n<figure class=\"wp-block-image size-full\"><img loading=\"lazy\" decoding=\"async\" width=\"720\" height=\"960\" src=\"https:\/\/www.arioncoaching.fr\/wp-content\/uploads\/2026\/01\/therapie-de-couple-cheval-aix-en-provence-trets-saint-maximin-la-sainte-baume.jpg\" alt=\"\" class=\"wp-image-182\" srcset=\"https:\/\/www.arioncoaching.fr\/wp-content\/uploads\/2026\/01\/therapie-de-couple-cheval-aix-en-provence-trets-saint-maximin-la-sainte-baume.jpg 720w, https:\/\/www.arioncoaching.fr\/wp-content\/uploads\/2026\/01\/therapie-de-couple-cheval-aix-en-provence-trets-saint-maximin-la-sainte-baume-600x800.jpg 600w, https:\/\/www.arioncoaching.fr\/wp-content\/uploads\/2026\/01\/therapie-de-couple-cheval-aix-en-provence-trets-saint-maximin-la-sainte-baume-225x300.jpg 225w\" sizes=\"auto, (max-width: 720px) 100vw, 720px\" \/><\/figure>\n\n\n\n<figure class=\"wp-block-image size-full\"><img loading=\"lazy\" decoding=\"async\" width=\"960\" height=\"720\" src=\"https:\/\/www.arioncoaching.fr\/wp-content\/uploads\/2026\/01\/therapie-cheval-aix-en-provence-trets-saint-maximin-la-sainte-baume.jpg\" alt=\"\" class=\"wp-image-186\" srcset=\"https:\/\/www.arioncoaching.fr\/wp-content\/uploads\/2026\/01\/therapie-cheval-aix-en-provence-trets-saint-maximin-la-sainte-baume.jpg 960w, https:\/\/www.arioncoaching.fr\/wp-content\/uploads\/2026\/01\/therapie-cheval-aix-en-provence-trets-saint-maximin-la-sainte-baume-600x450.jpg 600w, https:\/\/www.arioncoaching.fr\/wp-content\/uploads\/2026\/01\/therapie-cheval-aix-en-provence-trets-saint-maximin-la-sainte-baume-300x225.jpg 300w, https:\/\/www.arioncoaching.fr\/wp-content\/uploads\/2026\/01\/therapie-cheval-aix-en-provence-trets-saint-maximin-la-sainte-baume-768x576.jpg 768w\" sizes=\"auto, (max-width: 960px) 100vw, 960px\" \/><\/figure>\n<\/div>\n<\/div>\n","protected":false},"excerpt":{"rendered":"<p>S\u00e9ances d&rsquo;\u00e9qui-coaching \u00e0 Trets, d\u00e9veloppez la confiance en vous, g\u00e9rez vos \u00e9motions et avancez gr\u00e2ce au cheval. accessible aux non-cavaliers<\/p>\n","protected":false},"author":1,"featured_media":0,"parent":0,"menu_order":0,"comment_status":"closed","ping_status":"closed","template":"","meta":{"footnotes":""},"class_list":["post-23","page","type-page","status-publish","hentry"],"blocksy_meta":[],"jetpack_sharing_enabled":true,"_links":{"self":[{"href":"https:\/\/www.arioncoaching.fr\/index.php\/wp-json\/wp\/v2\/pages\/23","targetHints":{"allow":["GET"]}}],"collection":[{"href":"https:\/\/www.arioncoaching.fr\/index.php\/wp-json\/wp\/v2\/pages"}],"about":[{"href":"https:\/\/www.arioncoaching.fr\/index.php\/wp-json\/wp\/v2\/types\/page"}],"author":[{"embeddable":true,"href":"https:\/\/www.arioncoaching.fr\/index.php\/wp-json\/wp\/v2\/users\/1"}],"replies":[{"embeddable":true,"href":"https:\/\/www.arioncoaching.fr\/index.php\/wp-json\/wp\/v2\/comments?post=23"}],"version-history":[{"count":17,"href":"https:\/\/www.arioncoaching.fr\/index.php\/wp-json\/wp\/v2\/pages\/23\/revisions"}],"predecessor-version":[{"id":315,"href":"https:\/\/www.arioncoaching.fr\/index.php\/wp-json\/wp\/v2\/pages\/23\/revisions\/315"}],"wp:attachment":[{"href":"https:\/\/www.arioncoaching.fr\/index.php\/wp-json\/wp\/v2\/media?parent=23"}],"curies":[{"name":"wp","href":"https:\/\/api.w.org\/{rel}","templated":true}]}}