{"id":203,"date":"2026-01-08T11:23:45","date_gmt":"2026-01-08T11:23:45","guid":{"rendered":"https:\/\/www.arioncoaching.fr\/?page_id=203"},"modified":"2026-03-20T13:48:12","modified_gmt":"2026-03-20T13:48:12","slug":"me-contacter","status":"publish","type":"page","link":"https:\/\/www.arioncoaching.fr\/index.php\/me-contacter\/","title":{"rendered":"Me contacter"},"content":{"rendered":"\n<figure class=\"wp-block-image\"><img loading=\"lazy\" decoding=\"async\" width=\"784\" height=\"588\" src=\"https:\/\/www.arioncoaching.fr\/wp-content\/uploads\/2026\/01\/cour-equitation-arion-coaching-bouche-du-rhone-paca-monitrice-independante-marion-perrot-randonnee-cheval.jpg\" alt=\"\" class=\"wp-image-205\" srcset=\"https:\/\/www.arioncoaching.fr\/wp-content\/uploads\/2026\/01\/cour-equitation-arion-coaching-bouche-du-rhone-paca-monitrice-independante-marion-perrot-randonnee-cheval.jpg 784w, https:\/\/www.arioncoaching.fr\/wp-content\/uploads\/2026\/01\/cour-equitation-arion-coaching-bouche-du-rhone-paca-monitrice-independante-marion-perrot-randonnee-cheval-300x225.jpg 300w, https:\/\/www.arioncoaching.fr\/wp-content\/uploads\/2026\/01\/cour-equitation-arion-coaching-bouche-du-rhone-paca-monitrice-independante-marion-perrot-randonnee-cheval-768x576.jpg 768w, https:\/\/www.arioncoaching.fr\/wp-content\/uploads\/2026\/01\/cour-equitation-arion-coaching-bouche-du-rhone-paca-monitrice-independante-marion-perrot-randonnee-cheval-600x450.jpg 600w\" sizes=\"auto, (max-width: 784px) 100vw, 784px\" \/><\/figure>\n\n\n\n<p><mark style=\"background-color:rgba(0, 0, 0, 0);color:#000000\" class=\"has-inline-color\">Marion PERROT monitrice d&rsquo;\u00e9quitation ind\u00e9pendante et \u00e9qui-coach, \u00e0 Trets dans les Bouches-du Rh\u00f4ne (13).<\/mark><\/p>\n\n\n\n<p><mark style=\"background-color:rgba(0, 0, 0, 0);color:#000000\" class=\"has-inline-color\">Vous avez une question, un projet ou envie d&rsquo;\u00e9changer autour de vos besoins en \u00e9quitation, animation ou \u00e9qui-coaching ? je vous r\u00e9ponds avec plaisir et vous accompagne vers une solution adapt\u00e9e \u00e0 votre structure ou \u00e0 votre d\u00e9marche personnelle.<\/mark><\/p>\n\n\n<div class=\"wp-block-jetpack-contact-form is-layout-flex wp-container-jetpack-contact-form-is-layout-2b4208ba wp-block-jetpack-contact-form-is-layout-flex\"><a href=\"https:\/\/www.arioncoaching.fr\/index.php\/me-contacter\/\" target=\"_blank\" rel=\"noopener noreferrer\">Soumettre un formulaire.<\/a><\/div>","protected":false},"excerpt":{"rendered":"<p>Marion PERROT monitrice d&rsquo;\u00e9quitation ind\u00e9pendante et \u00e9qui-coach, \u00e0 Trets dans les Bouches-du Rh\u00f4ne (13). Vous avez une question, un projet ou envie d&rsquo;\u00e9changer autour de vos besoins en \u00e9quitation, animation ou \u00e9qui-coaching ? je vous r\u00e9ponds avec plaisir et vous accompagne vers une solution adapt\u00e9e \u00e0 votre structure ou \u00e0 votre d\u00e9marche personnelle.<\/p>\n","protected":false},"author":1,"featured_media":0,"parent":0,"menu_order":0,"comment_status":"closed","ping_status":"closed","template":"","meta":{"footnotes":""},"class_list":["post-203","page","type-page","status-publish","hentry"],"blocksy_meta":[],"jetpack_sharing_enabled":true,"_links":{"self":[{"href":"https:\/\/www.arioncoaching.fr\/index.php\/wp-json\/wp\/v2\/pages\/203","targetHints":{"allow":["GET"]}}],"collection":[{"href":"https:\/\/www.arioncoaching.fr\/index.php\/wp-json\/wp\/v2\/pages"}],"about":[{"href":"https:\/\/www.arioncoaching.fr\/index.php\/wp-json\/wp\/v2\/types\/page"}],"author":[{"embeddable":true,"href":"https:\/\/www.arioncoaching.fr\/index.php\/wp-json\/wp\/v2\/users\/1"}],"replies":[{"embeddable":true,"href":"https:\/\/www.arioncoaching.fr\/index.php\/wp-json\/wp\/v2\/comments?post=203"}],"version-history":[{"count":4,"href":"https:\/\/www.arioncoaching.fr\/index.php\/wp-json\/wp\/v2\/pages\/203\/revisions"}],"predecessor-version":[{"id":259,"href":"https:\/\/www.arioncoaching.fr\/index.php\/wp-json\/wp\/v2\/pages\/203\/revisions\/259"}],"wp:attachment":[{"href":"https:\/\/www.arioncoaching.fr\/index.php\/wp-json\/wp\/v2\/media?parent=203"}],"curies":[{"name":"wp","href":"https:\/\/api.w.org\/{rel}","templated":true}]}}