{"id":18,"date":"2025-12-18T20:18:32","date_gmt":"2025-12-18T20:18:32","guid":{"rendered":"https:\/\/www.arioncoaching.fr\/?page_id=18"},"modified":"2026-04-08T09:29:15","modified_gmt":"2026-04-08T09:29:15","slug":"cours-dequitatio","status":"publish","type":"page","link":"https:\/\/www.arioncoaching.fr\/index.php\/cours-dequitatio\/","title":{"rendered":"Cours d&rsquo;\u00e9quitation \u00e0 Trets"},"content":{"rendered":"\n<figure class=\"wp-block-image is-resized\"><img loading=\"lazy\" decoding=\"async\" width=\"600\" height=\"400\" src=\"https:\/\/www.arioncoaching.fr\/wp-content\/uploads\/2026\/01\/cours-equitation-aix-en-provence.webp\" alt=\"\" class=\"wp-image-103\" style=\"width:665px;height:auto\" srcset=\"https:\/\/www.arioncoaching.fr\/wp-content\/uploads\/2026\/01\/cours-equitation-aix-en-provence.webp 600w, https:\/\/www.arioncoaching.fr\/wp-content\/uploads\/2026\/01\/cours-equitation-aix-en-provence-300x200.webp 300w\" sizes=\"auto, (max-width: 600px) 100vw, 600px\" \/><\/figure>\n\n\n\n<p><mark style=\"background-color:rgba(0, 0, 0, 0);color:#000000\" class=\"has-inline-color\">Je propose des cours d&rsquo;\u00e9quitation \u00e0 Trets et dans les environs (Aix en Provence, Aubagne, Saint Maximin la Sainte Baume), dans une approche centr\u00e9e sur la relation, la compr\u00e9hension et le respect du cheval.<\/mark><\/p>\n\n\n\n<p><mark style=\"background-color:rgba(0, 0, 0, 0);color:#000000\" class=\"has-inline-color\">Que vous soyez d\u00e9butant ou cavalier confirm\u00e9, enfant ou adulte, je vous accompagne avec bienveillance pour progresser \u00e0 votre rythme et retrouver confiance.<\/mark><\/p>\n\n\n\n<p><mark style=\"background-color:rgba(0, 0, 0, 0);color:#000000\" class=\"has-inline-color\">Vous pouvez me retrouvez en cours particulier ou collectif sur la structure du <a href=\"https:\/\/poneyclubdunator.ffe.com\/\" target=\"_blank\" rel=\"noopener\">Poney club du Nator<\/a> \u00e0 Trets<\/mark><\/p>\n\n\n\n<h2 class=\"wp-block-heading\"><mark style=\"background-color:rgba(0, 0, 0, 0)\" class=\"has-inline-color has-palette-color-1-color\">Cours d&rsquo;\u00e9quitation pour enfants et adultes<\/mark> <mark style=\"background-color:rgba(0, 0, 0, 0);color:#ffffff\" class=\"has-inline-color\">\u00e0 Trets<\/mark><\/h2>\n\n\n\n<ul class=\"wp-block-list\">\n<li><mark style=\"background-color:rgba(0, 0, 0, 0);color:#000000\" class=\"has-inline-color\">enfants  \u00e0 partir de 2 ans<\/mark><\/li>\n\n\n\n<li><mark style=\"background-color:rgba(0, 0, 0, 0);color:#000000\" class=\"has-inline-color\">adolescents et adultes d\u00e9butants ou confirm\u00e9s<\/mark><\/li>\n\n\n\n<li><mark style=\"background-color:rgba(0, 0, 0, 0);color:#000000\" class=\"has-inline-color\">cavaliers souhaitant progresser en douceur ou se remettre en confiance<\/mark><\/li>\n\n\n\n<li><mark style=\"background-color:rgba(0, 0, 0, 0);color:#000000\" class=\"has-inline-color\">enfants, adolescents et adultes porteurs de handicaps physique ou mentales<\/mark><\/li>\n\n\n\n<li><mark style=\"background-color:rgba(0, 0, 0, 0);color:#000000\" class=\"has-inline-color\">professionnel souhaitant une monitrice pour un remplacement, pic d&rsquo;activit\u00e9s, stages ou scolaires<\/mark><\/li>\n<\/ul>\n\n\n\n<h2 class=\"wp-block-heading\"><mark style=\"background-color:rgba(0, 0, 0, 0)\" class=\"has-inline-color has-palette-color-1-color\">Une \u00e9quitation bas\u00e9e sur la relation au cheval<\/mark><\/h2>\n\n\n\n<p><mark style=\"background-color:rgba(0, 0, 0, 0);color:#000000\" class=\"has-inline-color\">Mon enseignement est orient\u00e9 autour du dressage et du TREC mais surtout autour de la connexion entre le cheval et le cavalier.<\/mark><\/p>\n\n\n\n<p><mark style=\"background-color:rgba(0, 0, 0, 0);color:#000000\" class=\"has-inline-color\">Pour moi, l&rsquo;\u00e9quitation est avant tout une rencontre : le cheval est acteur de la s\u00e9ance.<\/mark><\/p>\n\n\n\n<p><mark style=\"background-color:rgba(0, 0, 0, 0);color:#000000\" class=\"has-inline-color\">Le cheval est acteur de la s\u00e9ance : je prends en compte son caract\u00e8re, ses r\u00e9actions et son fonctionnement, tout comme votre propre \u00e9nergie et fa\u00e7on de ressentir. L&rsquo;objectif est de cr\u00e9er un v\u00e9ritable partenariat pour pouvoir progresser en harmonie.<\/mark><\/p>\n\n\n\n<h2 class=\"wp-block-heading\"><mark style=\"background-color:rgba(0, 0, 0, 0)\" class=\"has-inline-color has-palette-color-1-color\">Les objectifs de mes cours d&rsquo;\u00e9quitation<\/mark> <mark style=\"background-color:rgba(0, 0, 0, 0);color:#ffffff\" class=\"has-inline-color\">\u00e0 Trets<\/mark><\/h2>\n\n\n\n<p><mark style=\"background-color:rgba(0, 0, 0, 0);color:#000000\" class=\"has-inline-color\">A travers les cours d&rsquo;\u00e9quitation que je propose, je vous aide \u00e0 d\u00e9velopper votre confiance en vous, mieux comprendre le cheval, progresser techniquement en douceur tout en prenant du plaisir dans votre pratique.<\/mark><\/p>\n\n\n\n<p><mark style=\"background-color:rgba(0, 0, 0, 0);color:#000000\" class=\"has-inline-color\">Chaque s\u00e9ance est un moment d&rsquo;apprentissage mais aussi de connexion \u00e0 soi.<\/mark><\/p>\n\n\n\n<h2 class=\"wp-block-heading\"><mark style=\"background-color:rgba(0, 0, 0, 0)\" class=\"has-inline-color has-palette-color-1-color\">Cours d&rsquo;\u00e9quitation autour de Trets<\/mark><\/h2>\n\n\n\n<p><mark style=\"background-color:rgba(0, 0, 0, 0);color:#000000\" class=\"has-inline-color\">Je me d\u00e9place dans toute la r\u00e9gion :<\/mark><\/p>\n\n\n\n<ul class=\"wp-block-list\">\n<li><mark style=\"background-color:rgba(0, 0, 0, 0);color:#000000\" class=\"has-inline-color\">Trets<\/mark><\/li>\n\n\n\n<li><mark style=\"background-color:rgba(0, 0, 0, 0);color:#000000\" class=\"has-inline-color\">Aix en Provence<\/mark><\/li>\n\n\n\n<li><mark style=\"background-color:rgba(0, 0, 0, 0);color:#000000\" class=\"has-inline-color\">Aubagne<\/mark><\/li>\n\n\n\n<li><mark style=\"background-color:rgba(0, 0, 0, 0);color:#000000\" class=\"has-inline-color\">Saint Maximin la Sainte Baume<\/mark><\/li>\n<\/ul>\n\n\n\n<h2 class=\"wp-block-heading\"><mark style=\"background-color:rgba(0, 0, 0, 0)\" class=\"has-inline-color has-palette-color-1-color\">Reprendre ou commencer l&rsquo;\u00e9quitation en toute confiance<\/mark><\/h2>\n\n\n\n<p><mark style=\"background-color:rgba(0, 0, 0, 0);color:#000000\" class=\"has-inline-color\">Vous souhaitez d\u00e9buter ou reprendre l&rsquo;\u00e9quitation ? Je vous accompagne pas \u00e0 pas pour retrouver confiance, d\u00e9passer vos blocages et avancer sereinement dans votre pratique.<\/mark><\/p>\n\n\n\n<h6 class=\"wp-block-heading has-text-align-center\">N&rsquo;h\u00e9sitez pas \u00e0 me contacter pour v\u00e9rifier les disponibilit\u00e9s selon votre localisation<\/h6>\n\n\n\n<div class=\"wp-block-buttons is-content-justification-center is-layout-flex wp-container-core-buttons-is-layout-a89b3969 wp-block-buttons-is-layout-flex\">\n<div class=\"wp-block-button\"><a class=\"wp-block-button__link wp-element-button\" href=\"https:\/\/www.arioncoaching.fr\/index.php\/me-contacter\/\">me contacter<\/a><\/div>\n<\/div>\n\n\n\n<div class=\"wp-block-columns is-layout-flex wp-container-core-columns-is-layout-28f84493 wp-block-columns-is-layout-flex\">\n<div class=\"wp-block-column is-layout-flow wp-block-column-is-layout-flow\">\n<figure class=\"wp-block-image size-full\"><img loading=\"lazy\" decoding=\"async\" width=\"370\" height=\"208\" src=\"https:\/\/www.arioncoaching.fr\/wp-content\/uploads\/2026\/01\/animation-poney-enfant-equitation-trets-aix-en-provence-saint-maximin-la-sainte-baume-1-1.jpg\" alt=\"\" class=\"wp-image-146\" srcset=\"https:\/\/www.arioncoaching.fr\/wp-content\/uploads\/2026\/01\/animation-poney-enfant-equitation-trets-aix-en-provence-saint-maximin-la-sainte-baume-1-1.jpg 370w, https:\/\/www.arioncoaching.fr\/wp-content\/uploads\/2026\/01\/animation-poney-enfant-equitation-trets-aix-en-provence-saint-maximin-la-sainte-baume-1-1-300x169.jpg 300w\" sizes=\"auto, (max-width: 370px) 100vw, 370px\" \/><\/figure>\n\n\n\n<figure class=\"wp-block-image size-full\"><img loading=\"lazy\" decoding=\"async\" width=\"720\" height=\"540\" src=\"https:\/\/www.arioncoaching.fr\/wp-content\/uploads\/2026\/01\/arion-coaching-equitation-aix-en-provence-2.jpg\" alt=\"\" class=\"wp-image-150\" srcset=\"https:\/\/www.arioncoaching.fr\/wp-content\/uploads\/2026\/01\/arion-coaching-equitation-aix-en-provence-2.jpg 720w, https:\/\/www.arioncoaching.fr\/wp-content\/uploads\/2026\/01\/arion-coaching-equitation-aix-en-provence-2-600x450.jpg 600w, https:\/\/www.arioncoaching.fr\/wp-content\/uploads\/2026\/01\/arion-coaching-equitation-aix-en-provence-2-300x225.jpg 300w\" sizes=\"auto, (max-width: 720px) 100vw, 720px\" \/><\/figure>\n\n\n\n<figure class=\"wp-block-image size-large\"><img loading=\"lazy\" decoding=\"async\" width=\"1024\" height=\"808\" src=\"https:\/\/www.arioncoaching.fr\/wp-content\/uploads\/2026\/01\/attelage-equitation-redimensionnee-1024x808.jpg\" alt=\"\" class=\"wp-image-164\" srcset=\"https:\/\/www.arioncoaching.fr\/wp-content\/uploads\/2026\/01\/attelage-equitation-redimensionnee-1024x808.jpg 1024w, https:\/\/www.arioncoaching.fr\/wp-content\/uploads\/2026\/01\/attelage-equitation-redimensionnee-600x474.jpg 600w, https:\/\/www.arioncoaching.fr\/wp-content\/uploads\/2026\/01\/attelage-equitation-redimensionnee-300x237.jpg 300w, https:\/\/www.arioncoaching.fr\/wp-content\/uploads\/2026\/01\/attelage-equitation-redimensionnee-768x606.jpg 768w, https:\/\/www.arioncoaching.fr\/wp-content\/uploads\/2026\/01\/attelage-equitation-redimensionnee-1536x1212.jpg 1536w, https:\/\/www.arioncoaching.fr\/wp-content\/uploads\/2026\/01\/attelage-equitation-redimensionnee.jpg 1600w\" sizes=\"auto, (max-width: 1024px) 100vw, 1024px\" \/><\/figure>\n<\/div>\n\n\n\n<div class=\"wp-block-column is-layout-flow wp-block-column-is-layout-flow\">\n<figure class=\"wp-block-image size-full\"><img loading=\"lazy\" decoding=\"async\" width=\"503\" height=\"431\" src=\"https:\/\/www.arioncoaching.fr\/wp-content\/uploads\/2026\/01\/animation-poney-enfant-equitation-trets-aix-en-provence-saint-maximin-la-sainte-baume-2-1.jpg\" alt=\"\" class=\"wp-image-147\" srcset=\"https:\/\/www.arioncoaching.fr\/wp-content\/uploads\/2026\/01\/animation-poney-enfant-equitation-trets-aix-en-provence-saint-maximin-la-sainte-baume-2-1.jpg 503w, https:\/\/www.arioncoaching.fr\/wp-content\/uploads\/2026\/01\/animation-poney-enfant-equitation-trets-aix-en-provence-saint-maximin-la-sainte-baume-2-1-300x257.jpg 300w\" sizes=\"auto, (max-width: 503px) 100vw, 503px\" \/><\/figure>\n\n\n\n<figure class=\"wp-block-image size-full\"><img loading=\"lazy\" decoding=\"async\" width=\"457\" height=\"342\" src=\"https:\/\/www.arioncoaching.fr\/wp-content\/uploads\/2026\/01\/cour-equitation-1.jpg\" alt=\"\" class=\"wp-image-151\" srcset=\"https:\/\/www.arioncoaching.fr\/wp-content\/uploads\/2026\/01\/cour-equitation-1.jpg 457w, https:\/\/www.arioncoaching.fr\/wp-content\/uploads\/2026\/01\/cour-equitation-1-300x225.jpg 300w\" sizes=\"auto, (max-width: 457px) 100vw, 457px\" \/><\/figure>\n<\/div>\n\n\n\n<div class=\"wp-block-column is-layout-flow wp-block-column-is-layout-flow\">\n<figure class=\"wp-block-image size-large\"><img loading=\"lazy\" decoding=\"async\" width=\"576\" height=\"1024\" src=\"https:\/\/www.arioncoaching.fr\/wp-content\/uploads\/2026\/01\/balade-poney-enfant-adulte-equitation-aix-en-provence-trets-saint-maximin-la-sainte-baume-5-576x1024.jpg\" alt=\"\" class=\"wp-image-148\" srcset=\"https:\/\/www.arioncoaching.fr\/wp-content\/uploads\/2026\/01\/balade-poney-enfant-adulte-equitation-aix-en-provence-trets-saint-maximin-la-sainte-baume-5-576x1024.jpg 576w, https:\/\/www.arioncoaching.fr\/wp-content\/uploads\/2026\/01\/balade-poney-enfant-adulte-equitation-aix-en-provence-trets-saint-maximin-la-sainte-baume-5-rotated-600x1067.jpg 600w, https:\/\/www.arioncoaching.fr\/wp-content\/uploads\/2026\/01\/balade-poney-enfant-adulte-equitation-aix-en-provence-trets-saint-maximin-la-sainte-baume-5-169x300.jpg 169w, https:\/\/www.arioncoaching.fr\/wp-content\/uploads\/2026\/01\/balade-poney-enfant-adulte-equitation-aix-en-provence-trets-saint-maximin-la-sainte-baume-5-768x1365.jpg 768w, https:\/\/www.arioncoaching.fr\/wp-content\/uploads\/2026\/01\/balade-poney-enfant-adulte-equitation-aix-en-provence-trets-saint-maximin-la-sainte-baume-5-864x1536.jpg 864w, https:\/\/www.arioncoaching.fr\/wp-content\/uploads\/2026\/01\/balade-poney-enfant-adulte-equitation-aix-en-provence-trets-saint-maximin-la-sainte-baume-5-1152x2048.jpg 1152w, https:\/\/www.arioncoaching.fr\/wp-content\/uploads\/2026\/01\/balade-poney-enfant-adulte-equitation-aix-en-provence-trets-saint-maximin-la-sainte-baume-5-rotated.jpg 1440w\" sizes=\"auto, (max-width: 576px) 100vw, 576px\" \/><\/figure>\n<\/div>\n\n\n\n<div class=\"wp-block-column is-layout-flow wp-block-column-is-layout-flow\">\n<figure class=\"wp-block-image size-full\"><img loading=\"lazy\" decoding=\"async\" width=\"370\" height=\"493\" src=\"https:\/\/www.arioncoaching.fr\/wp-content\/uploads\/2026\/01\/animation-theorie-poney-enfant-cour-aix-en-provence-trets-saint-maximin-la-sainte-baume-1.jpg\" alt=\"\" class=\"wp-image-153\" srcset=\"https:\/\/www.arioncoaching.fr\/wp-content\/uploads\/2026\/01\/animation-theorie-poney-enfant-cour-aix-en-provence-trets-saint-maximin-la-sainte-baume-1.jpg 370w, https:\/\/www.arioncoaching.fr\/wp-content\/uploads\/2026\/01\/animation-theorie-poney-enfant-cour-aix-en-provence-trets-saint-maximin-la-sainte-baume-1-225x300.jpg 225w\" sizes=\"auto, (max-width: 370px) 100vw, 370px\" \/><\/figure>\n\n\n\n<figure class=\"wp-block-image size-full\"><img loading=\"lazy\" decoding=\"async\" width=\"960\" height=\"960\" src=\"https:\/\/www.arioncoaching.fr\/wp-content\/uploads\/2026\/01\/cour-equitation-enfant-poney-aix-en-provence-trets-saint-maximin-la-sainte-baume-1.jpg\" alt=\"\" class=\"wp-image-155\" srcset=\"https:\/\/www.arioncoaching.fr\/wp-content\/uploads\/2026\/01\/cour-equitation-enfant-poney-aix-en-provence-trets-saint-maximin-la-sainte-baume-1.jpg 960w, https:\/\/www.arioncoaching.fr\/wp-content\/uploads\/2026\/01\/cour-equitation-enfant-poney-aix-en-provence-trets-saint-maximin-la-sainte-baume-1-300x300.jpg 300w, https:\/\/www.arioncoaching.fr\/wp-content\/uploads\/2026\/01\/cour-equitation-enfant-poney-aix-en-provence-trets-saint-maximin-la-sainte-baume-1-100x100.jpg 100w, https:\/\/www.arioncoaching.fr\/wp-content\/uploads\/2026\/01\/cour-equitation-enfant-poney-aix-en-provence-trets-saint-maximin-la-sainte-baume-1-600x600.jpg 600w, https:\/\/www.arioncoaching.fr\/wp-content\/uploads\/2026\/01\/cour-equitation-enfant-poney-aix-en-provence-trets-saint-maximin-la-sainte-baume-1-500x500.jpg 500w, https:\/\/www.arioncoaching.fr\/wp-content\/uploads\/2026\/01\/cour-equitation-enfant-poney-aix-en-provence-trets-saint-maximin-la-sainte-baume-1-150x150.jpg 150w, https:\/\/www.arioncoaching.fr\/wp-content\/uploads\/2026\/01\/cour-equitation-enfant-poney-aix-en-provence-trets-saint-maximin-la-sainte-baume-1-768x768.jpg 768w\" sizes=\"auto, (max-width: 960px) 100vw, 960px\" \/><\/figure>\n<\/div>\n\n\n\n<div class=\"wp-block-column is-layout-flow wp-block-column-is-layout-flow\">\n<figure class=\"wp-block-image size-full\"><img loading=\"lazy\" decoding=\"async\" width=\"820\" height=\"615\" src=\"https:\/\/www.arioncoaching.fr\/wp-content\/uploads\/2026\/01\/cour-particulier-equitation-enfant-adulte-poney-cheval-aix-en-provence-trets-saint-maximin-la-sainte-baume-1.jpeg\" alt=\"\" class=\"wp-image-156\" srcset=\"https:\/\/www.arioncoaching.fr\/wp-content\/uploads\/2026\/01\/cour-particulier-equitation-enfant-adulte-poney-cheval-aix-en-provence-trets-saint-maximin-la-sainte-baume-1.jpeg 820w, https:\/\/www.arioncoaching.fr\/wp-content\/uploads\/2026\/01\/cour-particulier-equitation-enfant-adulte-poney-cheval-aix-en-provence-trets-saint-maximin-la-sainte-baume-1-600x450.jpeg 600w, https:\/\/www.arioncoaching.fr\/wp-content\/uploads\/2026\/01\/cour-particulier-equitation-enfant-adulte-poney-cheval-aix-en-provence-trets-saint-maximin-la-sainte-baume-1-300x225.jpeg 300w, https:\/\/www.arioncoaching.fr\/wp-content\/uploads\/2026\/01\/cour-particulier-equitation-enfant-adulte-poney-cheval-aix-en-provence-trets-saint-maximin-la-sainte-baume-1-768x576.jpeg 768w\" sizes=\"auto, (max-width: 820px) 100vw, 820px\" \/><\/figure>\n\n\n\n<figure class=\"wp-block-image size-large\"><img loading=\"lazy\" decoding=\"async\" width=\"1024\" height=\"768\" src=\"https:\/\/www.arioncoaching.fr\/wp-content\/uploads\/2026\/01\/attelage-equitation-Redim-1024x768.jpg\" alt=\"\" class=\"wp-image-163\" srcset=\"https:\/\/www.arioncoaching.fr\/wp-content\/uploads\/2026\/01\/attelage-equitation-Redim-1024x768.jpg 1024w, https:\/\/www.arioncoaching.fr\/wp-content\/uploads\/2026\/01\/attelage-equitation-Redim-600x450.jpg 600w, https:\/\/www.arioncoaching.fr\/wp-content\/uploads\/2026\/01\/attelage-equitation-Redim-300x225.jpg 300w, https:\/\/www.arioncoaching.fr\/wp-content\/uploads\/2026\/01\/attelage-equitation-Redim-768x576.jpg 768w, https:\/\/www.arioncoaching.fr\/wp-content\/uploads\/2026\/01\/attelage-equitation-Redim-1536x1152.jpg 1536w, https:\/\/www.arioncoaching.fr\/wp-content\/uploads\/2026\/01\/attelage-equitation-Redim.jpg 1600w\" sizes=\"auto, (max-width: 1024px) 100vw, 1024px\" \/><\/figure>\n<\/div>\n<\/div>\n","protected":false},"excerpt":{"rendered":"<p>Je propose des cours d&rsquo;\u00e9quitation \u00e0 Trets et dans les environs (Aix en Provence, Aubagne, Saint Maximin la Sainte Baume), dans une approche centr\u00e9e sur la relation, la compr\u00e9hension et le respect du cheval. Que vous soyez d\u00e9butant ou cavalier confirm\u00e9, enfant ou adulte, je vous accompagne avec bienveillance pour progresser \u00e0 votre rythme et [&hellip;]<\/p>\n","protected":false},"author":1,"featured_media":0,"parent":0,"menu_order":0,"comment_status":"closed","ping_status":"closed","template":"","meta":{"footnotes":""},"class_list":["post-18","page","type-page","status-publish","hentry"],"blocksy_meta":[],"jetpack_sharing_enabled":true,"_links":{"self":[{"href":"https:\/\/www.arioncoaching.fr\/index.php\/wp-json\/wp\/v2\/pages\/18","targetHints":{"allow":["GET"]}}],"collection":[{"href":"https:\/\/www.arioncoaching.fr\/index.php\/wp-json\/wp\/v2\/pages"}],"about":[{"href":"https:\/\/www.arioncoaching.fr\/index.php\/wp-json\/wp\/v2\/types\/page"}],"author":[{"embeddable":true,"href":"https:\/\/www.arioncoaching.fr\/index.php\/wp-json\/wp\/v2\/users\/1"}],"replies":[{"embeddable":true,"href":"https:\/\/www.arioncoaching.fr\/index.php\/wp-json\/wp\/v2\/comments?post=18"}],"version-history":[{"count":22,"href":"https:\/\/www.arioncoaching.fr\/index.php\/wp-json\/wp\/v2\/pages\/18\/revisions"}],"predecessor-version":[{"id":311,"href":"https:\/\/www.arioncoaching.fr\/index.php\/wp-json\/wp\/v2\/pages\/18\/revisions\/311"}],"wp:attachment":[{"href":"https:\/\/www.arioncoaching.fr\/index.php\/wp-json\/wp\/v2\/media?parent=18"}],"curies":[{"name":"wp","href":"https:\/\/api.w.org\/{rel}","templated":true}]}}